{"id":2,"date":"2014-11-25T19:21:18","date_gmt":"2014-11-25T19:21:18","guid":{"rendered":"http:\/\/sonnemesopotamiens.com\/?page_id=2"},"modified":"2021-03-23T08:40:03","modified_gmt":"2021-03-23T08:40:03","slug":"beispiel-seite","status":"publish","type":"page","link":"https:\/\/sonnemesopotamiens.com\/?page_id=2","title":{"rendered":"\u00dcber Uns"},"content":{"rendered":"<p style=\"text-align: left;\"><span style=\"color: #000000;\">Die Sonne Mesopotamiens Hilfswerk e.V. wurde 2004 in Deutschland gegr\u00fcndet um Kriegsopfern in Kurdistan zu helfen. Deutschlandweit (Au\u00dfer das Land Rheinland-Pfalz) werden Spenden gesammelt f\u00fcr unseren Fond um Menschen in Not zu unterst\u00fctzen, die aufgrund der kriegsbedingten Situation hungern, verdursten und tagt\u00e4glich ums \u00dcberleben bangen.<\/span><\/p>\n<p style=\"text-align: left;\"><span style=\"color: #000000;\">Die Sonne Mesopotamiens Hilfswerk e.V. hat es zur Aufgabe gemacht, eine vollst\u00e4ndige Bereitschaft zu gew\u00e4hrleisten, transparent zu sein, die Lieferung von Hilfsg\u00fcter verantwortungsvoll durchf\u00fchren um die Vision zu erf\u00fcllen, die wir uns erhoffen. Diese Vision\u00a0besteht darin \u00a0die existenziellen Probleme des\u00a0Volkes zu l\u00f6sen, \u00a0eine Zusammenarbeit mit allen Teilen der Gesellschaft hervorzubringen und eine Struktur im Krisengebiet\u00a0zu gew\u00e4hrleisten, die\u00a0sich selbst von innen helfen kann.<\/span><\/p>\n<p style=\"text-align: left;\"><span style=\"color: #000000;\">Seit\u00a0der\u00a0Gr\u00fcndung; arbeiten wir mit verschiedenen Nichtregierungsorganisationen zusammen um\u00a0Opfern und bed\u00fcrftigen Familien zu helfen, die wir regelm\u00e4\u00dfig identifizieren. Die Zahl der Familien, denen wir helfen, steigt von Tag zu Tag.<\/span><\/p>\n","protected":false},"excerpt":{"rendered":"<p>Die Sonne Mesopotamiens Hilfswerk e.V. wurde 2004 in Deutschland gegr\u00fcndet um Kriegsopfern in Kurdistan zu helfen. Deutschlandweit (Au\u00dfer das Land Rheinland-Pfalz) werden Spenden gesammelt f\u00fcr unseren Fond um Menschen in Not zu unterst\u00fctzen, die aufgrund der kriegsbedingten Situation hungern, verdursten und tagt\u00e4glich ums \u00dcberleben bangen. Die Sonne Mesopotamiens Hilfswerk e.V. hat es zur Aufgabe gemacht, [&hellip;]<\/p>\n","protected":false},"author":1,"featured_media":284,"parent":0,"menu_order":0,"comment_status":"closed","ping_status":"closed","template":"","meta":{"footnotes":""},"class_list":["post-2","page","type-page","status-publish","has-post-thumbnail","hentry"],"_links":{"self":[{"href":"https:\/\/sonnemesopotamiens.com\/index.php?rest_route=\/wp\/v2\/pages\/2","targetHints":{"allow":["GET"]}}],"collection":[{"href":"https:\/\/sonnemesopotamiens.com\/index.php?rest_route=\/wp\/v2\/pages"}],"about":[{"href":"https:\/\/sonnemesopotamiens.com\/index.php?rest_route=\/wp\/v2\/types\/page"}],"author":[{"embeddable":true,"href":"https:\/\/sonnemesopotamiens.com\/index.php?rest_route=\/wp\/v2\/users\/1"}],"replies":[{"embeddable":true,"href":"https:\/\/sonnemesopotamiens.com\/index.php?rest_route=%2Fwp%2Fv2%2Fcomments&post=2"}],"version-history":[{"count":14,"href":"https:\/\/sonnemesopotamiens.com\/index.php?rest_route=\/wp\/v2\/pages\/2\/revisions"}],"predecessor-version":[{"id":291,"href":"https:\/\/sonnemesopotamiens.com\/index.php?rest_route=\/wp\/v2\/pages\/2\/revisions\/291"}],"wp:featuredmedia":[{"embeddable":true,"href":"https:\/\/sonnemesopotamiens.com\/index.php?rest_route=\/wp\/v2\/media\/284"}],"wp:attachment":[{"href":"https:\/\/sonnemesopotamiens.com\/index.php?rest_route=%2Fwp%2Fv2%2Fmedia&parent=2"}],"curies":[{"name":"wp","href":"https:\/\/api.w.org\/{rel}","templated":true}]}}