{"id":296,"date":"2023-02-07T10:20:00","date_gmt":"2023-02-07T10:20:00","guid":{"rendered":"https:\/\/sonnemesopotamiens.com\/?page_id=296"},"modified":"2024-07-30T23:57:24","modified_gmt":"2024-07-30T23:57:24","slug":"kampagne","status":"publish","type":"page","link":"https:\/\/sonnemesopotamiens.com\/?page_id=296","title":{"rendered":"Kampagne"},"content":{"rendered":"\n<p class=\"has-text-color\" style=\"color:#f50707\"><strong>HILFSAUFRUF F\u00dcR DIE ERDBEBENOPFER<\/strong><\/p>\n\n\n\n<p><strong>Am 6. Februar 2023 ereignete sich ein verheerendes Erdbeben in Kurdistan, in der T\u00fcrkei sowie in Syrien. Epizentrum des Erdbebens war der Bezirk Bazarcix (tr. Pazarc\u0131k) der Stadt Mara\u015f in Nordkurdistan in der St\u00e4rke 7,8. Anschlie\u00dfend ereignete sich ein zweites Erdbeben der St\u00e4rke 6,4 im Bezirk Nurda\u011f\u0131 in D\u00eelok (tr. Antep) und ein drittes Erdbeben der St\u00e4rke 6,5 im Bezirk Islahiye in D\u00eelok.<\/strong><br><strong>Diese schweren Erdbeben trafen vor allem die St\u00e4dte Amed (tr. Diyarbakir), Melet\u00ee (tr. Malatya), Riha (tr. Urfa), Sems\u00fbr (tr. Adiyaman), D\u00eelok (Antep) und viele andere Regionen in Nordkurdistan, sowie die St\u00e4dte Adana, Hatay, Kilis, Osmaniye und Kayseri in der T\u00fcrkei wie auch die Regionen Cizre, Euphrat und Shehba im Norden und Osten Syriens. Das Erdbeben wirkte sich zudem auf umliegende L\u00e4nder aus.<\/strong><\/p>\n\n\n\n<p><strong>Die Folgen der Erdbebenkatastrophe sind schockierend:<\/strong><br><strong>Bisher wurden Zehntausende Todesopfer gemeldet, Zehntausende Menschen wurden unter den Tr\u00fcmmern versch\u00fcttet und gelten weiterhin als vermisst, \u00fcber Hunderttausende Menschen sind verletzt und eine unfassbar gro\u00dfe Zerst\u00f6rung breitete sich \u00fcber die gesamten Region aus. Mitten im Winter haben zudem Hunderttausende Menschen ihre Wohnung verloren.<\/strong><\/p>\n\n\n\n<p><strong>Als <strong>Die Sonne Mesopotamiens Hilfswerk e. V.<\/strong> dr\u00fccken wir unsere tiefe Trauer aus und sind mit den Gedanken bei den Todesopfern, ihren Angeh\u00f6rigen, sowie allen Verletzten und Vermissten.<\/strong><\/p>\n\n\n\n<p><strong>Nun braucht es dringend humanit\u00e4re Hilfe jeglicher Art, um die Betroffenen zu versorgen und \u00fcberlebenswichtige Ma\u00dfnahmen einzuleiten.<\/strong><br><strong>Gem\u00e4\u00df unserer Pflicht und Verantwortung sind wir nun um die medizinische, humanit\u00e4re und \u00f6konomische Versorgung der Betroffenen bem\u00fcht. Wir sind aktuell im Einsatz in den Erdbebengebieten und versorgen die Menschen mit dringendem Grundbedarf. Ihr k\u00f6nnt unsere T\u00e4tigkeiten mit eurer Spende unterst\u00fctzen und damit die Unterst\u00fctzung von Erdbebenopfern erm\u00f6glichen.<\/strong><\/p>\n\n\n\n<p><strong>Auf dieser Grundlage laden wir dazu ein, den Erdbebenopfern \u00fcber den Die Sonne Mesopotamiens Hilfswerk e. V. zu helfen.<\/strong><\/p>\n\n\n\n<p><strong><strong>Die Sonne Mesopotamiens Hilfswerk e. V.<\/strong><\/strong><\/p>\n\n\n\n<p class=\"has-text-color\" style=\"color:#f50505\"><strong>Verwendungszweck: Erdebebenhilfe<\/strong><\/p>\n\n\n\n<p><\/p>\n\n\n\n<p><strong><strong>Bankverbindung:<\/strong><\/strong><\/p>\n\n\n\n<p><strong><strong>Kreissparkasse K\u00f6ln<\/strong><\/strong><\/p>\n\n\n\n<p><strong><strong>IBAN: DE83 3705 0299 0002 0207 87BIC: <\/strong><\/strong><\/p>\n\n\n\n<p><strong><strong>COKSDE33XXX<\/strong><\/strong><\/p>\n\n\n\n<p class=\"has-small-font-size\"><strong>(Spenden aus Rheinland-Pfalz werden nicht angenommen)<\/strong><\/p>\n\n\n\n<p><\/p>\n\n\n\n<figure class=\"wp-block-gallery has-nested-images columns-default is-cropped wp-block-gallery-1 is-layout-flex wp-block-gallery-is-layout-flex\">\n<figure class=\"wp-block-image size-large\"><a href=\"https:\/\/sonnemesopotamiens.com\/wp-content\/uploads\/2023\/02\/eartqauke.jpg\"><img loading=\"lazy\" decoding=\"async\" width=\"1024\" height=\"538\" data-id=\"306\" src=\"https:\/\/sonnemesopotamiens.com\/wp-content\/uploads\/2023\/02\/eartqauke-1024x538.jpg\" alt=\"\" class=\"wp-image-306\" srcset=\"https:\/\/sonnemesopotamiens.com\/wp-content\/uploads\/2023\/02\/eartqauke-1024x538.jpg 1024w, https:\/\/sonnemesopotamiens.com\/wp-content\/uploads\/2023\/02\/eartqauke-300x158.jpg 300w, https:\/\/sonnemesopotamiens.com\/wp-content\/uploads\/2023\/02\/eartqauke-768x403.jpg 768w, https:\/\/sonnemesopotamiens.com\/wp-content\/uploads\/2023\/02\/eartqauke.jpg 1200w\" sizes=\"auto, (max-width: 1024px) 100vw, 1024px\" \/><\/a><\/figure>\n\n\n\n<figure class=\"wp-block-image size-large\"><a href=\"https:\/\/sonnemesopotamiens.com\/wp-content\/uploads\/2023\/02\/erdhej-10.jpg\"><img loading=\"lazy\" decoding=\"async\" width=\"640\" height=\"360\" data-id=\"305\" src=\"https:\/\/sonnemesopotamiens.com\/wp-content\/uploads\/2023\/02\/erdhej-10.jpg\" alt=\"\" class=\"wp-image-305\" srcset=\"https:\/\/sonnemesopotamiens.com\/wp-content\/uploads\/2023\/02\/erdhej-10.jpg 640w, https:\/\/sonnemesopotamiens.com\/wp-content\/uploads\/2023\/02\/erdhej-10-300x169.jpg 300w\" sizes=\"auto, (max-width: 640px) 100vw, 640px\" \/><\/a><\/figure>\n\n\n\n<figure class=\"wp-block-image size-large\"><a href=\"https:\/\/sonnemesopotamiens.com\/wp-content\/uploads\/2023\/02\/erdhej-meres-2.webp\"><img loading=\"lazy\" decoding=\"async\" width=\"600\" height=\"450\" data-id=\"307\" src=\"https:\/\/sonnemesopotamiens.com\/wp-content\/uploads\/2023\/02\/erdhej-meres-2.webp\" alt=\"\" class=\"wp-image-307\" srcset=\"https:\/\/sonnemesopotamiens.com\/wp-content\/uploads\/2023\/02\/erdhej-meres-2.webp 600w, https:\/\/sonnemesopotamiens.com\/wp-content\/uploads\/2023\/02\/erdhej-meres-2-300x225.webp 300w\" sizes=\"auto, (max-width: 600px) 100vw, 600px\" \/><\/a><\/figure>\n\n\n\n<figure class=\"wp-block-image size-large\"><a href=\"https:\/\/sonnemesopotamiens.com\/wp-content\/uploads\/2023\/02\/erdhej-meres-3.webp\"><img loading=\"lazy\" decoding=\"async\" width=\"850\" height=\"478\" data-id=\"308\" src=\"https:\/\/sonnemesopotamiens.com\/wp-content\/uploads\/2023\/02\/erdhej-meres-3.webp\" alt=\"\" class=\"wp-image-308\" srcset=\"https:\/\/sonnemesopotamiens.com\/wp-content\/uploads\/2023\/02\/erdhej-meres-3.webp 850w, https:\/\/sonnemesopotamiens.com\/wp-content\/uploads\/2023\/02\/erdhej-meres-3-300x169.webp 300w, https:\/\/sonnemesopotamiens.com\/wp-content\/uploads\/2023\/02\/erdhej-meres-3-768x432.webp 768w\" sizes=\"auto, (max-width: 850px) 100vw, 850px\" \/><\/a><\/figure>\n\n\n\n<figure class=\"wp-block-image size-large\"><a href=\"https:\/\/sonnemesopotamiens.com\/wp-content\/uploads\/2023\/02\/erdhej-meres-4.webp\"><img loading=\"lazy\" decoding=\"async\" width=\"732\" height=\"410\" data-id=\"309\" src=\"https:\/\/sonnemesopotamiens.com\/wp-content\/uploads\/2023\/02\/erdhej-meres-4.webp\" alt=\"\" class=\"wp-image-309\" srcset=\"https:\/\/sonnemesopotamiens.com\/wp-content\/uploads\/2023\/02\/erdhej-meres-4.webp 732w, https:\/\/sonnemesopotamiens.com\/wp-content\/uploads\/2023\/02\/erdhej-meres-4-300x168.webp 300w\" sizes=\"auto, (max-width: 732px) 100vw, 732px\" \/><\/a><\/figure>\n\n\n\n<figure class=\"wp-block-image size-large\"><a href=\"https:\/\/sonnemesopotamiens.com\/wp-content\/uploads\/2023\/02\/erdhej-meres-7.jpg\"><img loading=\"lazy\" decoding=\"async\" width=\"880\" height=\"586\" data-id=\"310\" src=\"https:\/\/sonnemesopotamiens.com\/wp-content\/uploads\/2023\/02\/erdhej-meres-7.jpg\" alt=\"\" class=\"wp-image-310\" srcset=\"https:\/\/sonnemesopotamiens.com\/wp-content\/uploads\/2023\/02\/erdhej-meres-7.jpg 880w, https:\/\/sonnemesopotamiens.com\/wp-content\/uploads\/2023\/02\/erdhej-meres-7-300x200.jpg 300w, https:\/\/sonnemesopotamiens.com\/wp-content\/uploads\/2023\/02\/erdhej-meres-7-768x511.jpg 768w\" sizes=\"auto, (max-width: 880px) 100vw, 880px\" \/><\/a><\/figure>\n\n\n\n<figure class=\"wp-block-image size-large\"><a href=\"https:\/\/sonnemesopotamiens.com\/wp-content\/uploads\/2023\/02\/erdhej-meres-8.jpg\"><img loading=\"lazy\" decoding=\"async\" width=\"780\" height=\"470\" data-id=\"311\" src=\"https:\/\/sonnemesopotamiens.com\/wp-content\/uploads\/2023\/02\/erdhej-meres-8.jpg\" alt=\"\" class=\"wp-image-311\" srcset=\"https:\/\/sonnemesopotamiens.com\/wp-content\/uploads\/2023\/02\/erdhej-meres-8.jpg 780w, https:\/\/sonnemesopotamiens.com\/wp-content\/uploads\/2023\/02\/erdhej-meres-8-300x181.jpg 300w, https:\/\/sonnemesopotamiens.com\/wp-content\/uploads\/2023\/02\/erdhej-meres-8-768x463.jpg 768w\" sizes=\"auto, (max-width: 780px) 100vw, 780px\" \/><\/a><\/figure>\n\n\n\n<figure class=\"wp-block-image size-large\"><a href=\"https:\/\/sonnemesopotamiens.com\/wp-content\/uploads\/2023\/02\/erdhej-meres-9.jpg\"><img loading=\"lazy\" decoding=\"async\" width=\"1024\" height=\"460\" data-id=\"312\" src=\"https:\/\/sonnemesopotamiens.com\/wp-content\/uploads\/2023\/02\/erdhej-meres-9.jpg\" alt=\"\" class=\"wp-image-312\" srcset=\"https:\/\/sonnemesopotamiens.com\/wp-content\/uploads\/2023\/02\/erdhej-meres-9.jpg 1024w, https:\/\/sonnemesopotamiens.com\/wp-content\/uploads\/2023\/02\/erdhej-meres-9-300x135.jpg 300w, https:\/\/sonnemesopotamiens.com\/wp-content\/uploads\/2023\/02\/erdhej-meres-9-768x345.jpg 768w\" sizes=\"auto, (max-width: 1024px) 100vw, 1024px\" \/><\/a><\/figure>\n\n\n\n<figure class=\"wp-block-image size-large\"><a href=\"https:\/\/sonnemesopotamiens.com\/wp-content\/uploads\/2023\/02\/image00001.jpeg\"><img loading=\"lazy\" decoding=\"async\" width=\"1024\" height=\"1013\" data-id=\"313\" src=\"https:\/\/sonnemesopotamiens.com\/wp-content\/uploads\/2023\/02\/image00001-1024x1013.jpeg\" alt=\"\" class=\"wp-image-313\" srcset=\"https:\/\/sonnemesopotamiens.com\/wp-content\/uploads\/2023\/02\/image00001-1024x1013.jpeg 1024w, https:\/\/sonnemesopotamiens.com\/wp-content\/uploads\/2023\/02\/image00001-300x297.jpeg 300w, https:\/\/sonnemesopotamiens.com\/wp-content\/uploads\/2023\/02\/image00001-768x759.jpeg 768w, https:\/\/sonnemesopotamiens.com\/wp-content\/uploads\/2023\/02\/image00001.jpeg 1170w\" sizes=\"auto, (max-width: 1024px) 100vw, 1024px\" \/><\/a><\/figure>\n\n\n\n<figure class=\"wp-block-image size-large\"><a href=\"https:\/\/sonnemesopotamiens.com\/wp-content\/uploads\/2023\/02\/image00002.jpeg\"><img loading=\"lazy\" decoding=\"async\" width=\"990\" height=\"556\" data-id=\"315\" src=\"https:\/\/sonnemesopotamiens.com\/wp-content\/uploads\/2023\/02\/image00002.jpeg\" alt=\"\" class=\"wp-image-315\" srcset=\"https:\/\/sonnemesopotamiens.com\/wp-content\/uploads\/2023\/02\/image00002.jpeg 990w, https:\/\/sonnemesopotamiens.com\/wp-content\/uploads\/2023\/02\/image00002-300x168.jpeg 300w, https:\/\/sonnemesopotamiens.com\/wp-content\/uploads\/2023\/02\/image00002-768x431.jpeg 768w\" sizes=\"auto, (max-width: 990px) 100vw, 990px\" \/><\/a><\/figure>\n\n\n\n<figure class=\"wp-block-image size-large\"><a href=\"https:\/\/sonnemesopotamiens.com\/wp-content\/uploads\/2023\/02\/image00003.jpeg\"><img loading=\"lazy\" decoding=\"async\" width=\"990\" height=\"556\" data-id=\"314\" src=\"https:\/\/sonnemesopotamiens.com\/wp-content\/uploads\/2023\/02\/image00003.jpeg\" alt=\"\" class=\"wp-image-314\" srcset=\"https:\/\/sonnemesopotamiens.com\/wp-content\/uploads\/2023\/02\/image00003.jpeg 990w, https:\/\/sonnemesopotamiens.com\/wp-content\/uploads\/2023\/02\/image00003-300x168.jpeg 300w, https:\/\/sonnemesopotamiens.com\/wp-content\/uploads\/2023\/02\/image00003-768x431.jpeg 768w\" sizes=\"auto, (max-width: 990px) 100vw, 990px\" \/><\/a><\/figure>\n\n\n\n<figure class=\"wp-block-image size-large\"><a href=\"https:\/\/sonnemesopotamiens.com\/wp-content\/uploads\/2023\/02\/image00004.jpeg\"><img loading=\"lazy\" decoding=\"async\" width=\"1024\" height=\"747\" data-id=\"316\" src=\"https:\/\/sonnemesopotamiens.com\/wp-content\/uploads\/2023\/02\/image00004-1024x747.jpeg\" alt=\"\" class=\"wp-image-316\" srcset=\"https:\/\/sonnemesopotamiens.com\/wp-content\/uploads\/2023\/02\/image00004-1024x747.jpeg 1024w, https:\/\/sonnemesopotamiens.com\/wp-content\/uploads\/2023\/02\/image00004-300x219.jpeg 300w, https:\/\/sonnemesopotamiens.com\/wp-content\/uploads\/2023\/02\/image00004-768x560.jpeg 768w, https:\/\/sonnemesopotamiens.com\/wp-content\/uploads\/2023\/02\/image00004.jpeg 1170w\" sizes=\"auto, (max-width: 1024px) 100vw, 1024px\" \/><\/a><\/figure>\n\n\n\n<figure class=\"wp-block-image size-large\"><a href=\"https:\/\/sonnemesopotamiens.com\/wp-content\/uploads\/2023\/02\/image00007.jpeg\"><img loading=\"lazy\" decoding=\"async\" width=\"1024\" height=\"663\" data-id=\"319\" src=\"https:\/\/sonnemesopotamiens.com\/wp-content\/uploads\/2023\/02\/image00007-1024x663.jpeg\" alt=\"\" class=\"wp-image-319\" srcset=\"https:\/\/sonnemesopotamiens.com\/wp-content\/uploads\/2023\/02\/image00007-1024x663.jpeg 1024w, https:\/\/sonnemesopotamiens.com\/wp-content\/uploads\/2023\/02\/image00007-300x194.jpeg 300w, https:\/\/sonnemesopotamiens.com\/wp-content\/uploads\/2023\/02\/image00007-768x498.jpeg 768w, https:\/\/sonnemesopotamiens.com\/wp-content\/uploads\/2023\/02\/image00007.jpeg 1170w\" sizes=\"auto, (max-width: 1024px) 100vw, 1024px\" \/><\/a><\/figure>\n\n\n\n<figure class=\"wp-block-image size-large\"><a href=\"https:\/\/sonnemesopotamiens.com\/wp-content\/uploads\/2023\/02\/image00008.jpeg\"><img loading=\"lazy\" decoding=\"async\" width=\"1024\" height=\"768\" data-id=\"320\" src=\"https:\/\/sonnemesopotamiens.com\/wp-content\/uploads\/2023\/02\/image00008-1024x768.jpeg\" alt=\"\" class=\"wp-image-320\" srcset=\"https:\/\/sonnemesopotamiens.com\/wp-content\/uploads\/2023\/02\/image00008-1024x768.jpeg 1024w, https:\/\/sonnemesopotamiens.com\/wp-content\/uploads\/2023\/02\/image00008-300x225.jpeg 300w, https:\/\/sonnemesopotamiens.com\/wp-content\/uploads\/2023\/02\/image00008-768x576.jpeg 768w, https:\/\/sonnemesopotamiens.com\/wp-content\/uploads\/2023\/02\/image00008-1536x1152.jpeg 1536w, https:\/\/sonnemesopotamiens.com\/wp-content\/uploads\/2023\/02\/image00008-1568x1176.jpeg 1568w, https:\/\/sonnemesopotamiens.com\/wp-content\/uploads\/2023\/02\/image00008.jpeg 2048w\" sizes=\"auto, (max-width: 1024px) 100vw, 1024px\" \/><\/a><\/figure>\n<\/figure>\n","protected":false},"excerpt":{"rendered":"<p>HILFSAUFRUF F\u00dcR DIE ERDBEBENOPFER Am 6. Februar 2023 ereignete sich ein verheerendes Erdbeben in Kurdistan, in der T\u00fcrkei sowie in Syrien. Epizentrum des Erdbebens war der Bezirk Bazarcix (tr. Pazarc\u0131k) der Stadt Mara\u015f in Nordkurdistan in der St\u00e4rke 7,8. Anschlie\u00dfend ereignete sich ein zweites Erdbeben der St\u00e4rke 6,4 im Bezirk Nurda\u011f\u0131 in D\u00eelok (tr. Antep) [&hellip;]<\/p>\n","protected":false},"author":1,"featured_media":0,"parent":0,"menu_order":0,"comment_status":"closed","ping_status":"closed","template":"","meta":{"footnotes":""},"class_list":["post-296","page","type-page","status-publish","hentry"],"_links":{"self":[{"href":"https:\/\/sonnemesopotamiens.com\/index.php?rest_route=\/wp\/v2\/pages\/296","targetHints":{"allow":["GET"]}}],"collection":[{"href":"https:\/\/sonnemesopotamiens.com\/index.php?rest_route=\/wp\/v2\/pages"}],"about":[{"href":"https:\/\/sonnemesopotamiens.com\/index.php?rest_route=\/wp\/v2\/types\/page"}],"author":[{"embeddable":true,"href":"https:\/\/sonnemesopotamiens.com\/index.php?rest_route=\/wp\/v2\/users\/1"}],"replies":[{"embeddable":true,"href":"https:\/\/sonnemesopotamiens.com\/index.php?rest_route=%2Fwp%2Fv2%2Fcomments&post=296"}],"version-history":[{"count":7,"href":"https:\/\/sonnemesopotamiens.com\/index.php?rest_route=\/wp\/v2\/pages\/296\/revisions"}],"predecessor-version":[{"id":341,"href":"https:\/\/sonnemesopotamiens.com\/index.php?rest_route=\/wp\/v2\/pages\/296\/revisions\/341"}],"wp:attachment":[{"href":"https:\/\/sonnemesopotamiens.com\/index.php?rest_route=%2Fwp%2Fv2%2Fmedia&parent=296"}],"curies":[{"name":"wp","href":"https:\/\/api.w.org\/{rel}","templated":true}]}}