{"id":65,"date":"2014-11-26T00:36:19","date_gmt":"2014-11-26T00:36:19","guid":{"rendered":"http:\/\/sonnemesopotamiens.com\/?page_id=65"},"modified":"2024-11-06T10:15:27","modified_gmt":"2024-11-06T10:15:27","slug":"projekte","status":"publish","type":"page","link":"https:\/\/sonnemesopotamiens.com\/?page_id=65","title":{"rendered":"Projekte"},"content":{"rendered":"<p><strong><a href=\"http:\/\/sonnemesopotamiens.com\/wp-content\/uploads\/2014\/11\/401.gif\"><img loading=\"lazy\" decoding=\"async\" class=\"alignright  wp-image-37\" src=\"http:\/\/sonnemesopotamiens.com\/wp-content\/uploads\/2014\/11\/401-300x228.gif\" alt=\"401.gif\" width=\"372\" height=\"282\" \/><\/a><\/strong><\/p>\n<p><strong><span style=\"color: #000000;\">I-\u00a0KINDERPROJEKT<\/span><\/strong><\/p>\n<p><span lang=\"DE\" style=\"color: #000000;\">In Kriegen sind besonders Kinder betroffen. Das Ziel dieses Projekts ist es, die Kinder, die Schlimmstes erlitten haben, zu besch\u00fctzen. Wir sorgen f\u00fcr ihre Bildung und bereiten sie mit famili\u00e4rer Liebe auf das Leben vor. Waisen werden von uns unterst\u00fctzt, bis sie auf eigenen F\u00fc\u00dfen stehen k\u00f6nnen.<\/span><\/p>\n<p><span lang=\"DE\" style=\"color: #000000;\">Laut UNICEF leben ein Viertel aller Kinder dieser Erde in L\u00e4ndern, in denen Krieg, Krisen und Naturkatastrophen herrschen. UNICEF und die Organisationen der Zivilgesellschaft stellen fest, dass mehr als 140 Millionen Kinder durch Kriege oder Naturkatastrophen ihre Familien verloren haben. Auch in Kurdistan sind durch Kriege und K\u00e4mpfe viele Kinder gesch\u00e4digt. Zehntausende Kinder sind Waisen geworden.<\/span><\/p>\n<p><span style=\"color: #000000;\">Unser Verein unterst\u00fctzt \u00a0Kinder \u00a0jeden Monat per Geld\u00fcberweisung der jeweiligen Konten der Familien. <span lang=\"DE\">\u00a0<\/span><span lang=\"DE\">Im Rahmen des Projekts betreuen wir derzeit in Kurdistan 350 Kinder<\/span>. Diese Zahl steigt von Tag zu Tag.<\/span><\/p>\n<p><span style=\"color: #000000;\"><strong>II- PROJEKT &#8222;FAMILIENPATENSCHAFT&#8220;<\/strong><\/span><\/p>\n<p><span lang=\"DE\" style=\"color: #000000;\">Weltweit sind Menschen auf der Flucht vor Krieg, Verfolgung, Armut und Hoffnungslosigkeit. Unsere Projekt \u201cFamilienpatenschaft\u201d k\u00e4mpft gegen Fluchtursachen, leistet humanit\u00e4re Nothilfe, medizinische Versorgung, psychologischen Beistand.<\/span><\/p>\n<p><span lang=\"DE\" style=\"color: #000000;\">Hierbei erm\u00f6glichen wir Paten, direkt mit den Betroffenen in Verbindung zu kommen. Mit der \u00dcbernahme einer Patenschaft tragen die Paten dazu bei, dass die Menschen in Not sich mit dem Lebensnotwendigen versorgen k\u00f6nnen. Helfen Sie Menschen, schwere Zeiten durchzustehen! Helfen Sie mit, eine Fl\u00fcchtlingswelle zu verhindern!<\/span><\/p>\n<p><span lang=\"DE\" style=\"color: #ff0000;\">Ihre Patenschaft:<\/span><\/p>\n<p><span lang=\"DE\" style=\"color: #000000;\">Sie \u00fcberweisen der Familie mindestens ein Jahr lang mindestens 150,- \u20ac im Monat. Sie k\u00f6nnen den Betrag, den Sie gerne erh\u00f6hen k\u00f6nnen, direkt \u00fcberweisen oder durch uns \u00fcberweisen lassen.<\/span><\/p>\n","protected":false},"excerpt":{"rendered":"<p>I-\u00a0KINDERPROJEKT In Kriegen sind besonders Kinder betroffen. Das Ziel dieses Projekts ist es, die Kinder, die Schlimmstes erlitten haben, zu besch\u00fctzen. Wir sorgen f\u00fcr ihre Bildung und bereiten sie mit famili\u00e4rer Liebe auf das Leben vor. Waisen werden von uns unterst\u00fctzt, bis sie auf eigenen F\u00fc\u00dfen stehen k\u00f6nnen. Laut UNICEF leben ein Viertel aller Kinder [&hellip;]<\/p>\n","protected":false},"author":1,"featured_media":0,"parent":0,"menu_order":0,"comment_status":"closed","ping_status":"closed","template":"","meta":{"footnotes":""},"class_list":["post-65","page","type-page","status-publish","hentry"],"_links":{"self":[{"href":"https:\/\/sonnemesopotamiens.com\/index.php?rest_route=\/wp\/v2\/pages\/65","targetHints":{"allow":["GET"]}}],"collection":[{"href":"https:\/\/sonnemesopotamiens.com\/index.php?rest_route=\/wp\/v2\/pages"}],"about":[{"href":"https:\/\/sonnemesopotamiens.com\/index.php?rest_route=\/wp\/v2\/types\/page"}],"author":[{"embeddable":true,"href":"https:\/\/sonnemesopotamiens.com\/index.php?rest_route=\/wp\/v2\/users\/1"}],"replies":[{"embeddable":true,"href":"https:\/\/sonnemesopotamiens.com\/index.php?rest_route=%2Fwp%2Fv2%2Fcomments&post=65"}],"version-history":[{"count":7,"href":"https:\/\/sonnemesopotamiens.com\/index.php?rest_route=\/wp\/v2\/pages\/65\/revisions"}],"predecessor-version":[{"id":375,"href":"https:\/\/sonnemesopotamiens.com\/index.php?rest_route=\/wp\/v2\/pages\/65\/revisions\/375"}],"wp:attachment":[{"href":"https:\/\/sonnemesopotamiens.com\/index.php?rest_route=%2Fwp%2Fv2%2Fmedia&parent=65"}],"curies":[{"name":"wp","href":"https:\/\/api.w.org\/{rel}","templated":true}]}}